{"id":162,"date":"2022-06-04T20:10:04","date_gmt":"2022-06-05T01:10:04","guid":{"rendered":"http:\/\/biomedlife.com.mx\/?page_id=162"},"modified":"2022-10-24T19:50:56","modified_gmt":"2022-10-25T00:50:56","slug":"servicios","status":"publish","type":"page","link":"https:\/\/biomedlife.com.mx\/index.php\/servicios\/","title":{"rendered":"Servicios"},"content":{"rendered":"\t\t<div data-elementor-type=\"wp-page\" data-elementor-id=\"162\" class=\"elementor elementor-162\" data-elementor-post-type=\"page\">\n\t\t\t\t\t\t<section class=\"elementor-section elementor-top-section elementor-element elementor-element-21142c5 elementor-section-boxed elementor-section-height-default elementor-section-height-default\" data-id=\"21142c5\" data-element_type=\"section\" data-e-type=\"section\">\n\t\t\t\t\t\t<div class=\"elementor-container elementor-column-gap-default\">\n\t\t\t\t\t<div class=\"elementor-column elementor-col-100 elementor-top-column elementor-element elementor-element-c5ee804\" data-id=\"c5ee804\" data-element_type=\"column\" data-e-type=\"column\">\n\t\t\t<div class=\"elementor-widget-wrap elementor-element-populated\">\n\t\t\t\t\t\t<div class=\"elementor-element elementor-element-f72bf99 elementor-widget elementor-widget-heading\" data-id=\"f72bf99\" data-element_type=\"widget\" data-e-type=\"widget\" data-widget_type=\"heading.default\">\n\t\t\t\t<div class=\"elementor-widget-container\">\n\t\t\t\t\t<h2 class=\"elementor-heading-title elementor-size-default\">Nuestros Servicios<\/h2>\t\t\t\t<\/div>\n\t\t\t\t<\/div>\n\t\t\t\t\t<\/div>\n\t\t<\/div>\n\t\t\t\t\t<\/div>\n\t\t<\/section>\n\t\t\t\t<section class=\"elementor-section elementor-top-section elementor-element elementor-element-625626a elementor-section-boxed elementor-section-height-default elementor-section-height-default\" data-id=\"625626a\" data-element_type=\"section\" data-e-type=\"section\">\n\t\t\t\t\t\t<div class=\"elementor-container elementor-column-gap-default\">\n\t\t\t\t\t<div class=\"elementor-column elementor-col-100 elementor-top-column elementor-element elementor-element-214f9d3\" data-id=\"214f9d3\" data-element_type=\"column\" data-e-type=\"column\">\n\t\t\t<div class=\"elementor-widget-wrap elementor-element-populated\">\n\t\t\t\t\t\t<div class=\"elementor-element elementor-element-dec07ee elementor-widget-divider--view-line elementor-widget elementor-widget-divider\" data-id=\"dec07ee\" data-element_type=\"widget\" data-e-type=\"widget\" data-widget_type=\"divider.default\">\n\t\t\t\t<div class=\"elementor-widget-container\">\n\t\t\t\t\t\t\t<div class=\"elementor-divider\">\n\t\t\t<span class=\"elementor-divider-separator\">\n\t\t\t\t\t\t<\/span>\n\t\t<\/div>\n\t\t\t\t\t\t<\/div>\n\t\t\t\t<\/div>\n\t\t\t\t\t<\/div>\n\t\t<\/div>\n\t\t\t\t\t<\/div>\n\t\t<\/section>\n\t\t\t\t<section class=\"elementor-section elementor-top-section elementor-element elementor-element-115ec1a elementor-section-boxed elementor-section-height-default elementor-section-height-default\" data-id=\"115ec1a\" data-element_type=\"section\" data-e-type=\"section\">\n\t\t\t\t\t\t<div class=\"elementor-container elementor-column-gap-default\">\n\t\t\t\t\t<div class=\"elementor-column elementor-col-100 elementor-top-column elementor-element elementor-element-0c9da40\" data-id=\"0c9da40\" data-element_type=\"column\" data-e-type=\"column\">\n\t\t\t<div class=\"elementor-widget-wrap elementor-element-populated\">\n\t\t\t\t\t\t<div class=\"elementor-element elementor-element-598faff elementor-widget elementor-widget-text-editor\" data-id=\"598faff\" data-element_type=\"widget\" data-e-type=\"widget\" data-widget_type=\"text-editor.default\">\n\t\t\t\t<div class=\"elementor-widget-container\">\n\t\t\t\t\t\t\t\t\t<p>Lorem ipsum dolor sit amet, consectetur adipiscing elit. Ut elit tellus, luctus nec ullamcorper mattis, pulvinar dapibus leo.<\/p>\t\t\t\t\t\t\t\t<\/div>\n\t\t\t\t<\/div>\n\t\t\t\t\t<\/div>\n\t\t<\/div>\n\t\t\t\t\t<\/div>\n\t\t<\/section>\n\t\t\t\t<section class=\"elementor-section elementor-top-section elementor-element elementor-element-c3d2282 elementor-section-boxed elementor-section-height-default elementor-section-height-default\" data-id=\"c3d2282\" data-element_type=\"section\" data-e-type=\"section\">\n\t\t\t\t\t\t<div class=\"elementor-container elementor-column-gap-default\">\n\t\t\t\t\t<div class=\"elementor-column elementor-col-100 elementor-top-column elementor-element elementor-element-539baec\" data-id=\"539baec\" data-element_type=\"column\" data-e-type=\"column\">\n\t\t\t<div class=\"elementor-widget-wrap elementor-element-populated\">\n\t\t\t\t\t\t<div class=\"elementor-element elementor-element-64890f5 elementor-widget-divider--view-line elementor-widget elementor-widget-divider\" data-id=\"64890f5\" data-element_type=\"widget\" data-e-type=\"widget\" data-widget_type=\"divider.default\">\n\t\t\t\t<div class=\"elementor-widget-container\">\n\t\t\t\t\t\t\t<div class=\"elementor-divider\">\n\t\t\t<span class=\"elementor-divider-separator\">\n\t\t\t\t\t\t<\/span>\n\t\t<\/div>\n\t\t\t\t\t\t<\/div>\n\t\t\t\t<\/div>\n\t\t\t\t\t<\/div>\n\t\t<\/div>\n\t\t\t\t\t<\/div>\n\t\t<\/section>\n\t\t\t\t<section class=\"elementor-section elementor-top-section elementor-element elementor-element-2ba7ecc elementor-section-boxed elementor-section-height-default elementor-section-height-default\" data-id=\"2ba7ecc\" data-element_type=\"section\" data-e-type=\"section\">\n\t\t\t\t\t\t<div class=\"elementor-container elementor-column-gap-default\">\n\t\t\t\t\t<div class=\"elementor-column elementor-col-100 elementor-top-column elementor-element elementor-element-9672514\" data-id=\"9672514\" data-element_type=\"column\" data-e-type=\"column\">\n\t\t\t<div class=\"elementor-widget-wrap elementor-element-populated\">\n\t\t\t\t\t\t<div class=\"elementor-element elementor-element-f9db826 elementor-widget elementor-widget-text-editor\" data-id=\"f9db826\" data-element_type=\"widget\" data-e-type=\"widget\" data-widget_type=\"text-editor.default\">\n\t\t\t\t<div class=\"elementor-widget-container\">\n\t\t\t\t\t\t\t\t\t<p><strong>Mantenimiento preventivo:<\/strong><\/p><p>Se realiza una revisi\u00f3n de equipo para detectar posibles fallas en los distintos componentes para evitar que este presente alguna falla y en consecuencia de esto el paciente sufra las consecuencia de ello.<\/p><p>\u00a0Concertadores de ox\u00edgenos:<\/p><ol><li>Verificar si el equipo entrega el nivel de ox\u00edgeno indicado por el fabricante ( &gt;90%).<\/li><li>Verificar que no cuente no alertas activadas.<\/li><li>Verificar que los litros por minuto y presi\u00f3n sean los indicados por le fabricante.<\/li><li>Desmonte de todo el equipo en sus componentes primarios.<\/li><li>Servicio general al compresor.<\/li><li>Servicio general al cuerpo de v\u00e1lvulas.<\/li><li>Limpieza interior y exterior del ventilador.<\/li><li>Limpieza de tarjeta l\u00f3gica junto con la inspecci\u00f3n visual de todos los componentes.<\/li><li>Desmonte de flujometro y verificaci\u00f3n de empaques de sellado.<\/li><li>Servicio de limpieza canister.<\/li><li>Inspecci\u00f3n visual y f\u00edsica de conexiones de aire.<ol><li>Inspecci\u00f3n visual y f\u00edsica del filtro (Si se encuentra fuera de los par\u00e1metros de fabricante ser\u00e1 necesario reemplazarlo, este tiene un costo extra)<\/li><\/ol><\/li><li>Servicio a las rejillas de ventilaci\u00f3n<\/li><li>\u00a0Limpieza completa del gabinete.<\/li><li>\u00a0Ensamble total del equipo.<\/li><li>Inspecci\u00f3n visual, junto con pruebas de buen funcionamiento por un periodo de 30 min.<\/li><li>Sanitizaci\u00f3n del equipo<\/li><\/ol><div>\u00a0<\/div><div>\u00a0<\/div><p><strong>Costo del servicio: $ 1,740.00 IVA incluido.<\/strong><\/p>\t\t\t\t\t\t\t\t<\/div>\n\t\t\t\t<\/div>\n\t\t\t\t\t<\/div>\n\t\t<\/div>\n\t\t\t\t\t<\/div>\n\t\t<\/section>\n\t\t\t\t<section class=\"elementor-section elementor-top-section elementor-element elementor-element-efb48e6 elementor-section-boxed elementor-section-height-default elementor-section-height-default\" data-id=\"efb48e6\" data-element_type=\"section\" data-e-type=\"section\">\n\t\t\t\t\t\t<div class=\"elementor-container elementor-column-gap-default\">\n\t\t\t\t\t<div class=\"elementor-column elementor-col-100 elementor-top-column elementor-element elementor-element-461073c\" data-id=\"461073c\" data-element_type=\"column\" data-e-type=\"column\">\n\t\t\t<div class=\"elementor-widget-wrap elementor-element-populated\">\n\t\t\t\t\t\t<div class=\"elementor-element elementor-element-97d65a3 elementor-widget elementor-widget-text-editor\" data-id=\"97d65a3\" data-element_type=\"widget\" data-e-type=\"widget\" data-widget_type=\"text-editor.default\">\n\t\t\t\t<div class=\"elementor-widget-container\">\n\t\t\t\t\t\t\t\t\t<p>Esto aplica para los siguiente equipos:<\/p>\t\t\t\t\t\t\t\t<\/div>\n\t\t\t\t<\/div>\n\t\t\t\t\t<\/div>\n\t\t<\/div>\n\t\t\t\t\t<\/div>\n\t\t<\/section>\n\t\t\t\t<section class=\"elementor-section elementor-top-section elementor-element elementor-element-cfd27bb elementor-section-boxed elementor-section-height-default elementor-section-height-default\" data-id=\"cfd27bb\" data-element_type=\"section\" data-e-type=\"section\">\n\t\t\t\t\t\t<div class=\"elementor-container elementor-column-gap-default\">\n\t\t\t\t\t<div class=\"elementor-column elementor-col-100 elementor-top-column elementor-element elementor-element-d56d811\" data-id=\"d56d811\" data-element_type=\"column\" data-e-type=\"column\">\n\t\t\t<div class=\"elementor-widget-wrap elementor-element-populated\">\n\t\t\t\t\t\t<div class=\"elementor-element elementor-element-f3729f3 elementor-widget elementor-widget-text-editor\" data-id=\"f3729f3\" data-element_type=\"widget\" data-e-type=\"widget\" data-widget_type=\"text-editor.default\">\n\t\t\t\t<div class=\"elementor-widget-container\">\n\t\t\t\t\t\t\t\t\t<p style=\"text-align: center;\">Concentrado de oxigeno<\/p><p>CPAP<\/p><p>BIPAP<\/p>\t\t\t\t\t\t\t\t<\/div>\n\t\t\t\t<\/div>\n\t\t\t\t\t<\/div>\n\t\t<\/div>\n\t\t\t\t\t<\/div>\n\t\t<\/section>\n\t\t\t\t<\/div>\n\t\t","protected":false},"excerpt":{"rendered":"<p>Nuestros Servicios Lorem fistrum por la gloria de mi madre esse jarl aliqua llevame al sircoo. De la pradera ullamco qu\u00e9 dise usteer est\u00e1 la cosa muy malar. Mantenimiento preventivo: Se realiza una revisi\u00f3n de equipo para detectar posibles fallas en los distintos componentes para evitar que este presente alguna falla y en consecuencia de [&hellip;]<\/p>\n","protected":false},"author":1,"featured_media":0,"parent":0,"menu_order":0,"comment_status":"closed","ping_status":"closed","template":"","meta":{"footnotes":""},"class_list":["post-162","page","type-page","status-publish","hentry"],"_links":{"self":[{"href":"https:\/\/biomedlife.com.mx\/index.php\/wp-json\/wp\/v2\/pages\/162","targetHints":{"allow":["GET"]}}],"collection":[{"href":"https:\/\/biomedlife.com.mx\/index.php\/wp-json\/wp\/v2\/pages"}],"about":[{"href":"https:\/\/biomedlife.com.mx\/index.php\/wp-json\/wp\/v2\/types\/page"}],"author":[{"embeddable":true,"href":"https:\/\/biomedlife.com.mx\/index.php\/wp-json\/wp\/v2\/users\/1"}],"replies":[{"embeddable":true,"href":"https:\/\/biomedlife.com.mx\/index.php\/wp-json\/wp\/v2\/comments?post=162"}],"version-history":[{"count":28,"href":"https:\/\/biomedlife.com.mx\/index.php\/wp-json\/wp\/v2\/pages\/162\/revisions"}],"predecessor-version":[{"id":426,"href":"https:\/\/biomedlife.com.mx\/index.php\/wp-json\/wp\/v2\/pages\/162\/revisions\/426"}],"wp:attachment":[{"href":"https:\/\/biomedlife.com.mx\/index.php\/wp-json\/wp\/v2\/media?parent=162"}],"curies":[{"name":"wp","href":"https:\/\/api.w.org\/{rel}","templated":true}]}}